{"id":144,"date":"2021-05-24T18:34:10","date_gmt":"2021-05-24T15:34:10","guid":{"rendered":"https:\/\/eliittikuitu.fi\/?page_id=144"},"modified":"2021-08-28T10:19:02","modified_gmt":"2021-08-28T07:19:02","slug":"runkoverkon-laajennnus-ja-nelja-liittymaa","status":"publish","type":"page","link":"https:\/\/eliittikuitu.fi\/?page_id=144","title":{"rendered":"Runkoverkon laajennnus ja tavallinen liittym\u00e4"},"content":{"rendered":"\n<p>2020 kes\u00e4ll\u00e4 Nuppulinnantien suunnalla oli potentiaalisia uusia liittyji\u00e4, joten runkoverkon laajentamista l\u00e4hdettiin suunnittelemaan. <\/p>\n\n\n\n<p>Ensimm\u00e4iset liittym\u00e4p\u00e4\u00e4t\u00f6kset saatiin loppusyksyst\u00e4, jolloin tehtiin my\u00f6s p\u00e4\u00e4t\u00f6s laajennuksen toteuttamisesta. Alustavasti laajennuksen runko-osuus oli tarkoitus toteuttaa ennen vuoden vaihdetta, mutta kuten usein k\u00e4y talvi saapui ennen toteutuksen alkamista. Laajennuksen toteuttaminen p\u00e4\u00e4tettiin siirt\u00e4\u00e4 kev\u00e4\u00e4seen maan sulamisen j\u00e4lkeiseen aikaan.<\/p>\n\n\n\n<p>Talven menty\u00e4 ty\u00f6t aloitettiin heti maan sulamisen j\u00e4lkeen. Runkoverkon laajentamisen yhteydess\u00e4 toteutettiin my\u00f6s nelj\u00e4 uutta liittym\u00e4\u00e4. Toteutus oli eritt\u00e4in ripe\u00e4 ja kaikki uudet liittyj\u00e4t saivat  liittym\u00e4ns\u00e4 toukokuun alussa k\u00e4ytt\u00f6\u00f6n.<\/p>\n\n\n\n<p>Runkoverkon valokuituosuus tehtiin auraamalla kuitu maahan, joka on varsinaista kaivamista kevyempi vaihtoehto.<\/p>\n\n\n\n<p>Runkoverkon uusi osuus menee seuraavaa reitti\u00e4: Kellokoskentie -&gt; Nuppulinnantie Mets\u00e4pirtin tielle asti -&gt; Mets\u00e4pirtin vartta alusta -&gt; pikkutiet\u00e4 Jerikontie 26:n asti. My\u00f6s t\u00e4ll\u00e4 alueella on siis nyt mahdollista liitty\u00e4 osuuskunnan j\u00e4seneksi ja hankkia valokuituliittym\u00e4.<\/p>\n\n\n\n<p class=\"has-medium-font-size\"><strong>Laajennusprojektin esimerkkiliittym\u00e4<\/strong><\/p>\n\n\n\n<p><strong>Kaivuut<\/strong><\/p>\n\n\n\n<p>Erillisi\u00e4 kaivuita tontilla ei tarvittu vaan talon rakentamisen yhteydess\u00e4 kaivettuja lis\u00e4putkia voitiin k\u00e4ytt\u00e4\u00e4 valokuidun viemiseen talolle. Yleisesti ottaen tonteilla tarvittavat kaivuut ovat lyhyit\u00e4.<\/p>\n\n\n\n<p><strong>Kuidun puhaltaminen ja yhdist\u00e4minen<\/strong> <strong>taloon<\/strong><\/p>\n\n\n\n<p>Kuitu puhallettiin talolle normaalisti eli samaan tapaan kuin erillisen <a href=\"https:\/\/eliittikuitu.fi\/?page_id=56\" data-type=\"page\" data-id=\"56\">esimerkkiprojektin<\/a> yhteydess\u00e4kin. <\/p>\n\n\n\n<p><strong>Valokuidun kytkeminen talossa<\/strong><\/p>\n\n\n\n<p>Kuitu vietiin taloon ja kytkettiin talomodeemiin normaalisti eli kuten esim. <a href=\"https:\/\/eliittikuitu.fi\/?page_id=56\" data-type=\"page\" data-id=\"56\">esimerkkiprojektissa<\/a>. <\/p>\n\n\n\n<p><\/p>\n","protected":false},"excerpt":{"rendered":"<p>2020 kes\u00e4ll\u00e4 Nuppulinnantien suunnalla oli potentiaalisia uusia liittyji\u00e4, joten runkoverkon laajentamista l\u00e4hdettiin suunnittelemaan. Ensimm\u00e4iset liittym\u00e4p\u00e4\u00e4t\u00f6kset saatiin loppusyksyst\u00e4, jolloin tehtiin my\u00f6s p\u00e4\u00e4t\u00f6s laajennuksen toteuttamisesta. Alustavasti laajennuksen runko-osuus oli tarkoitus toteuttaa ennen vuoden vaihdetta, mutta kuten usein k\u00e4y talvi saapui ennen toteutuksen alkamista. Laajennuksen toteuttaminen p\u00e4\u00e4tettiin siirt\u00e4\u00e4 kev\u00e4\u00e4seen maan sulamisen j\u00e4lkeiseen aikaan. Talven menty\u00e4 ty\u00f6t aloitettiin heti [&hellip;]<\/p>\n","protected":false},"author":1,"featured_media":0,"parent":0,"menu_order":0,"comment_status":"closed","ping_status":"closed","template":"","meta":{"footnotes":""},"class_list":["post-144","page","type-page","status-publish","hentry"],"_links":{"self":[{"href":"https:\/\/eliittikuitu.fi\/index.php?rest_route=\/wp\/v2\/pages\/144","targetHints":{"allow":["GET"]}}],"collection":[{"href":"https:\/\/eliittikuitu.fi\/index.php?rest_route=\/wp\/v2\/pages"}],"about":[{"href":"https:\/\/eliittikuitu.fi\/index.php?rest_route=\/wp\/v2\/types\/page"}],"author":[{"embeddable":true,"href":"https:\/\/eliittikuitu.fi\/index.php?rest_route=\/wp\/v2\/users\/1"}],"replies":[{"embeddable":true,"href":"https:\/\/eliittikuitu.fi\/index.php?rest_route=%2Fwp%2Fv2%2Fcomments&post=144"}],"version-history":[{"count":9,"href":"https:\/\/eliittikuitu.fi\/index.php?rest_route=\/wp\/v2\/pages\/144\/revisions"}],"predecessor-version":[{"id":170,"href":"https:\/\/eliittikuitu.fi\/index.php?rest_route=\/wp\/v2\/pages\/144\/revisions\/170"}],"wp:attachment":[{"href":"https:\/\/eliittikuitu.fi\/index.php?rest_route=%2Fwp%2Fv2%2Fmedia&parent=144"}],"curies":[{"name":"wp","href":"https:\/\/api.w.org\/{rel}","templated":true}]}}