{"id":157,"date":"2021-08-28T09:56:13","date_gmt":"2021-08-28T06:56:13","guid":{"rendered":"https:\/\/eliittikuitu.fi\/?page_id=157"},"modified":"2021-08-28T10:17:22","modified_gmt":"2021-08-28T07:17:22","slug":"etusivu","status":"publish","type":"page","link":"https:\/\/eliittikuitu.fi\/","title":{"rendered":"Etusivu"},"content":{"rendered":"\n<p>Tervetuloa Kellokosken valokuituyhdistyksen kotisivuille. N\u00e4ilt\u00e4 sivuilta l\u00f6yd\u00e4t tietoa yhdistyksest\u00e4mme. <\/p>\n\n\n\n<p>T\u00f6kkiik\u00f6 netti, p\u00e4tkiik\u00f6 yhteydet? Et\u00e4ty\u00f6t, et\u00e4koulu, ajantasaiset digi-palvelut ja viimeist\u00e4\u00e4n iltap\u00e4iv\u00e4ll\u00e4 alkava yhteyksien jumitus. Tuttua?<\/p>\n\n\n\n<p>Liity Kellokosken valokuituosuuskuntaan ja tietoliikenneongelmat ovat jotain, josta muut puhuvat.<\/p>\n\n\n\n<p>Nykyisille 4G-mobiililiittymille et\u00e4ty\u00f6t, et\u00e4koulu ja digi-palvelut osoittautuvat usein hyvin hankaliksi, eik\u00e4 tuleva 5G hyvin lyhyen kantaman tekniikkana ole levi\u00e4m\u00e4ss\u00e4 keskustojen ulkopuolelle. Vakaan ja toimivan yhteyden varmistamiseksi valokuitu on ehdoton ja vakaa valinta.<\/p>\n\n\n\n<p>Tarkista <a href=\"https:\/\/www.google.com\/maps\/d\/viewer?mid=1X5j-OkQpOGBdquiRw80xS_yLDQb69xkO&amp;ll=60.53642437814116%2C25.063547000000018&amp;z=14\">Kartta-sivulta<\/a> asutko osuuskunnan valokuitu-alueella ja liity j\u00e4seneksi.<\/p>\n\n\n\n<p>Hinnat l\u00f6ytyv\u00e4t <a href=\"https:\/\/temp.eliittikuitu.fi\/?page_id=24\">Hinnasto-sivulta<\/a>.<\/p>\n\n\n\n<p>Osuuskunnan Yhteystiedot l\u00f6yd\u00e4t <a href=\"https:\/\/eliittikuitu.fi\/?page_id=122\" data-type=\"page\" data-id=\"122\">Yhteystiedot-sivulta<\/a>. <\/p>\n","protected":false},"excerpt":{"rendered":"<p>Tervetuloa Kellokosken valokuituyhdistyksen kotisivuille. N\u00e4ilt\u00e4 sivuilta l\u00f6yd\u00e4t tietoa yhdistyksest\u00e4mme. T\u00f6kkiik\u00f6 netti, p\u00e4tkiik\u00f6 yhteydet? Et\u00e4ty\u00f6t, et\u00e4koulu, ajantasaiset digi-palvelut ja viimeist\u00e4\u00e4n iltap\u00e4iv\u00e4ll\u00e4 alkava yhteyksien jumitus. Tuttua? Liity Kellokosken valokuituosuuskuntaan ja tietoliikenneongelmat ovat jotain, josta muut puhuvat. Nykyisille 4G-mobiililiittymille et\u00e4ty\u00f6t, et\u00e4koulu ja digi-palvelut osoittautuvat usein hyvin hankaliksi, eik\u00e4 tuleva 5G hyvin lyhyen kantaman tekniikkana ole levi\u00e4m\u00e4ss\u00e4 keskustojen ulkopuolelle. [&hellip;]<\/p>\n","protected":false},"author":1,"featured_media":0,"parent":0,"menu_order":0,"comment_status":"closed","ping_status":"closed","template":"","meta":{"footnotes":""},"class_list":["post-157","page","type-page","status-publish","hentry"],"_links":{"self":[{"href":"https:\/\/eliittikuitu.fi\/index.php?rest_route=\/wp\/v2\/pages\/157","targetHints":{"allow":["GET"]}}],"collection":[{"href":"https:\/\/eliittikuitu.fi\/index.php?rest_route=\/wp\/v2\/pages"}],"about":[{"href":"https:\/\/eliittikuitu.fi\/index.php?rest_route=\/wp\/v2\/types\/page"}],"author":[{"embeddable":true,"href":"https:\/\/eliittikuitu.fi\/index.php?rest_route=\/wp\/v2\/users\/1"}],"replies":[{"embeddable":true,"href":"https:\/\/eliittikuitu.fi\/index.php?rest_route=%2Fwp%2Fv2%2Fcomments&post=157"}],"version-history":[{"count":4,"href":"https:\/\/eliittikuitu.fi\/index.php?rest_route=\/wp\/v2\/pages\/157\/revisions"}],"predecessor-version":[{"id":168,"href":"https:\/\/eliittikuitu.fi\/index.php?rest_route=\/wp\/v2\/pages\/157\/revisions\/168"}],"wp:attachment":[{"href":"https:\/\/eliittikuitu.fi\/index.php?rest_route=%2Fwp%2Fv2%2Fmedia&parent=157"}],"curies":[{"name":"wp","href":"https:\/\/api.w.org\/{rel}","templated":true}]}}