{"id":56,"date":"2020-10-25T21:03:18","date_gmt":"2020-10-25T19:03:18","guid":{"rendered":"https:\/\/temp.eliittikuitu.fi\/?page_id=56"},"modified":"2021-08-28T10:32:40","modified_gmt":"2021-08-28T07:32:40","slug":"esimerkkiprojekti","status":"publish","type":"page","link":"https:\/\/eliittikuitu.fi\/?page_id=56","title":{"rendered":"Esimerkkiprojekti &#8211; ty\u00f6l\u00e4\u00e4mpi versio"},"content":{"rendered":"\n<h4 class=\"wp-block-heading\"><strong>Projekti:<\/strong><\/h4>\n\n\n\n<p>T\u00e4ll\u00e4 sivulla on kuvattu monimutkaisempi valokuituverkkoon liittymisprojekti. Harvoin projekti on t\u00e4t\u00e4 hankalampi toteuttaa ja t\u00e4ss\u00e4kin ty\u00f6t\u00e4 teetti eniten kaivuumatkan pituus. Yleisesti projektissa on muutamia vaiheita, mutta ne eiv\u00e4t ole mitenk\u00e4\u00e4n hankalia toteuttaa. Suurimmat p\u00e4\u00e4t\u00f6kset ovat: Miten kaivuu suoritetaan, miss\u00e4 oma liittym\u00e4 kytket\u00e4\u00e4n runkoverkkoon ja mihin modeemi talon sis\u00e4ll\u00e4 sijoitetaan.<\/p>\n\n\n\n<p>Kaivuu vei kokonaisuudessaan v\u00e4h\u00e4n yli 10 tuntia. Kaivuumatkaa oli n. 200 metri\u00e4 vaihtelevassa maastossa. Kaivuuty\u00f6n tuntihinnat liikkuvat yleens\u00e4 60e yl\u00f6sp\u00e4in, kun itse toimii apumiehen\u00e4. Kuidun puhaltaminen vei v\u00e4h\u00e4n toista tuntia, kuitumodeemin asennus ja kuiden tuominen modeemiin pari tuntia ja sis\u00e4verkon saa nopeimmillaan pystyyn alle puolessa tunnissa.<\/p>\n\n\n\n<h3 class=\"wp-block-heading\">Tavoite ja lopputulos:<\/h3>\n\n\n\n<p>Valokuituprojektin tavoitteena oli korvata 4g-yhteydet nopeammilla ja varmemmilla yhteyksill\u00e4 p\u00e4\u00e4asiassa et\u00e4ty\u00f6n ja et\u00e4koulun tarpeisiin. 4g:n tunnettuja ongelmia ovat: Yhteyksien hidastuminen k\u00e4ytt\u00e4j\u00e4m\u00e4\u00e4rien lis\u00e4\u00e4ntyess\u00e4 ja ajoittain ep\u00e4varmat yhteydet. Kuparithan Elisa ker\u00e4si yst\u00e4v\u00e4llisesti alueelta jo vuosia sitten, mutta eip\u00e4 niiden toimintavarmuudessa hurraamista ollutkaan.<\/p>\n\n\n\n<p>Lopputuloksena nettiyhteydet ovat aivan eri luokkaa kuin ennen, p\u00e4tkimisi\u00e4 ei esiinny, eik\u00e4 aiemmasta iltap\u00e4iv\u00e4n ja alkuillan nettinopeuksien hyytymisist\u00e4 ole en\u00e4\u00e4 tietoakaan. Et\u00e4ty\u00f6t ja et\u00e4koulut sujuvat rinnakkain ilman mink\u00e4\u00e4nlaisia yhteysongelmia.<\/p>\n\n\n\n<h2 class=\"wp-block-heading\"><strong>Vaiheet:<\/strong><\/h2>\n\n\n\n<ul class=\"wp-block-list\"><li><a href=\"#osuuskuntaan-liittyminen\">Osuuskuntaan liittyminen<\/a><\/li><li><a href=\"#suunnittelu\">Suunnittelu<\/a><\/li><li><a href=\"#kaivuutyot-ja-putkitus\">Kaivuuty\u00f6t<\/a><\/li><li><a href=\"#suojakaapelin-liittaminen\">Kuidun suojakaapelin liitt\u00e4minen runkoverkkoon<\/a><\/li><li><a href=\"#valokuidun-puhaltaminen\">Valokuidun puhaltaminen<\/a><\/li><li><a href=\"#kuitu-talolle\">Valokuidun vieminen talon sis\u00e4lle, kytkeminen kuitumodeemiin<\/a><\/li><li><a href=\"#sisaverkko\">Sis\u00e4verkon (kiinte\u00e4 tai langaton) rakentaminen<\/a><\/li><\/ul>\n\n\n\n<h4 class=\"wp-block-heading\" id=\"osuuskuntaan-liittyminen\"><strong>Osuuskuntaan liittyminen<\/strong><\/h4>\n\n\n\n<p>Osuuskuntaan liittyminen oli helppoa. Yhteys osuuskuntaan ja sielt\u00e4 sai kaiken tarvittavan tiedon ja apua eri vaiheisiin.<\/p>\n\n\n\n<h4 class=\"wp-block-heading\" id=\"suunnittelu\"><strong>Suunnittelu<\/strong><\/h4>\n\n\n\n<p>Suunnitteluvaiheessa mietittiin miten kaivuu suoritetaan, mist\u00e4 liityt\u00e4\u00e4n runkoverkkoon ja mihin modeemi talossa sjoitetaan. Valokuitu p\u00e4\u00e4tettiin vet\u00e4\u00e4 kokonaan tontin l\u00e4pi, jotta v\u00e4ltyttiin tien rikkomiselta varsinkin, kun tiess\u00e4 ei koko matkalla ollut kunnon ojia ja osalla matkasta oli kallio alla. Lis\u00e4ksi kaivuu oli selke\u00e4\u00e4 tehd\u00e4 oman tontin l\u00e4pi. Modeemi p\u00e4\u00e4tettiin sijoittaa tulopuolelle vaatehuoneeseen. Kaapeliauraus j\u00e4tettiin pois laskuista maaston hankaluuden (vaihteleva maasto ja varmasti kivi\u00e4) vuoksi ja p\u00e4\u00e4dyttiin kaivinkoneeseen. Samasta syyst\u00e4 valokuituputki p\u00e4\u00e4tettiin sijoittaa erilliseen kaapelisuojaputkeen. T\u00e4t\u00e4 ei yleens\u00e4 tarvita vaan valokuituputki riitt\u00e4\u00e4.<\/p>\n\n\n\n<h4 class=\"wp-block-heading\" id=\"kaivuutyot-ja-putkitus\"><strong>Kaivuuty\u00f6t ja putkitus<\/strong><\/h4>\n\n\n\n<p>Kaivuuty\u00f6t\u00e4 tekem\u00e4\u00e4n saatiin paikallinen yritt\u00e4j\u00e4 Jari Hagstr\u00f6m Karhunty\u00f6t Oy:sta (0400454029). Kaivurimiehi\u00e4 voi kysell\u00e4 my\u00f6s osuuskunnan kautta.<\/p>\n\n\n\n<p>Kaivaminen tapahtui n. kolmessa illassa, jonka j\u00e4lkeen suoritettiin Liitos verkkoon (seuraava kappale).<\/p>\n\n\n\n<figure class=\"wp-block-image size-large\"><img loading=\"lazy\" decoding=\"async\" width=\"640\" height=\"427\" src=\"https:\/\/temp.eliittikuitu.fi\/wp-content\/uploads\/2020\/10\/kuva.png\" alt=\"\" class=\"wp-image-57\"\/><figcaption><strong>5 tonnin kaivuri riitti projektiin mainiosti<\/strong><\/figcaption><\/figure>\n\n\n\n<p>Kaivuun aikana suojaputki kasattiin kaivannon reunalla ja valokuidun suojakaapeli vedettiin samalla suojaputken sis\u00e4\u00e4n. Valokuituputken vet\u00e4minen suojaputkeen on koontivaiheessa huomattavasti helpompaa, kuin veto t\u00e4ysin koottuun suojaputkeen, joten se kannattaa tehd\u00e4 t\u00e4ss\u00e4 vaiheessa.<\/p>\n\n\n\n<figure class=\"wp-block-image size-large\"><img loading=\"lazy\" decoding=\"async\" width=\"480\" height=\"640\" src=\"https:\/\/temp.eliittikuitu.fi\/wp-content\/uploads\/2020\/10\/kuva-1.png\" alt=\"\" class=\"wp-image-58\"\/><figcaption><strong>Kaapelin kaivanto<\/strong><\/figcaption><\/figure>\n\n\n\n<p>Maaston vuoksi kuidun suojaputki laitettiin viel\u00e4 erilliseen suojaputkeen.<\/p>\n\n\n\n<figure class=\"wp-block-image size-large\"><img loading=\"lazy\" decoding=\"async\" width=\"480\" height=\"640\" src=\"https:\/\/temp.eliittikuitu.fi\/wp-content\/uploads\/2020\/10\/kuva-2.png\" alt=\"\" class=\"wp-image-59\"\/><figcaption><strong>Suojaputket<\/strong><\/figcaption><\/figure>\n\n\n\n<p>Kaivuun aikana suojaputki kasattiin kaivannon reunalla ja valokuidun suojakaapeli vedettiin samalla suojaputken sis\u00e4\u00e4n. Valokuituputken vet\u00e4minen suojaputkeen on koontivaiheessa huomattavasti helpompaa, kuin veto t\u00e4ysin koottuun suojaputkeen, joten se kannattaa tehd\u00e4 t\u00e4ss\u00e4 vaiheessa.<\/p>\n\n\n\n<figure class=\"wp-block-image size-large\"><img loading=\"lazy\" decoding=\"async\" width=\"480\" height=\"640\" src=\"https:\/\/temp.eliittikuitu.fi\/wp-content\/uploads\/2020\/10\/kuva-3.png\" alt=\"\" class=\"wp-image-60\"\/><figcaption><strong>Ulompi suojaputki kasattiin valmiiksi kaivannon reunalle<\/strong><\/figcaption><\/figure>\n\n\n\n<figure class=\"wp-block-image size-large\"><img loading=\"lazy\" decoding=\"async\" width=\"480\" height=\"640\" src=\"https:\/\/temp.eliittikuitu.fi\/wp-content\/uploads\/2020\/10\/kuva-4.png\" alt=\"\" class=\"wp-image-61\"\/><figcaption><strong>Kuidun suojaputki vedettiin ulomman putken sis\u00e4\u00e4n kasaamisvaiheessa<\/strong><\/figcaption><\/figure>\n\n\n\n<p>Liitoksen j\u00e4lkeen suojaputki pudotettiin kaivantoon varmistaen, ett\u00e4 suojaputket eiv\u00e4t irronneet toisistaan ja kaivanto peitettiin.<\/p>\n\n\n\n<h4 class=\"wp-block-heading\" id=\"suojakaapelin-liittaminen\"><strong>Suojakaapelin liitt\u00e4minen verkkoon<\/strong><\/h4>\n\n\n\n<p>Liitos verkkoon suoritettiin osuuskunnan toimesta kaivamalla runkoputkinippu esiin ja liitt\u00e4m\u00e4ll\u00e4 yksi nipun putkista taloputkeen. Liitoskohtaan laitettiin sondi-pallo, jonka avulla liitoskohta on helppo l\u00f6yt\u00e4\u00e4. Sen j\u00e4lkeen kuituputkea suojattiin taipumiselta erillisill\u00e4 putken p\u00e4tkill\u00e4 ja t\u00e4m\u00e4 kohta t\u00e4ytettiin k\u00e4sin. Suojaamisen tarkoitus on est\u00e4\u00e4 valokuituputken jyrkk\u00e4 taipuminen kuopan t\u00e4ytt\u00f6vaiheessa.<\/p>\n\n\n\n<figure class=\"wp-block-image size-large\"><img loading=\"lazy\" decoding=\"async\" width=\"480\" height=\"640\" src=\"https:\/\/temp.eliittikuitu.fi\/wp-content\/uploads\/2020\/10\/kuva-5.png\" alt=\"\" class=\"wp-image-62\"\/><figcaption><strong>Kuidun suojaputken liitt\u00e4minen runkoverkkoon<\/strong><\/figcaption><\/figure>\n\n\n\n<figure class=\"wp-block-image size-large\"><img loading=\"lazy\" decoding=\"async\" width=\"480\" height=\"640\" src=\"https:\/\/temp.eliittikuitu.fi\/wp-content\/uploads\/2020\/10\/kuva-6.png\" alt=\"\" class=\"wp-image-63\"\/><figcaption><strong>Kuidun suojaputken ymp\u00e4rille laitettiin viel\u00e4 erillisi\u00e4 suojap\u00e4tki\u00e4 mahdollisten v\u00e4\u00e4ntymisten est\u00e4miseksi<\/strong> <strong>(oranssi pallo on liittym\u00e4n l\u00f6yt\u00e4mist\u00e4 helpottava sondi-pallo)<\/strong><\/figcaption><\/figure>\n\n\n\n<h4 class=\"wp-block-heading\" id=\"valokuidun-puhaltaminen\"><strong>Valokuidun puhaltaminen<\/strong><\/h4>\n\n\n\n<p>Valokuidun puhallus hoidettiin my\u00f6s osuuskunnan kautta. Laitteisto oli pieni, mutta tehokas ja puhallus sujui ongelmitta vaikka kokonaismatka oli yli puoli kilometri\u00e4 yhdyskaapille<\/p>\n\n\n\n<figure class=\"wp-block-image size-large\"><img loading=\"lazy\" decoding=\"async\" width=\"480\" height=\"853\" src=\"https:\/\/temp.eliittikuitu.fi\/wp-content\/uploads\/2020\/10\/kuva-7.png\" alt=\"\" class=\"wp-image-64\" srcset=\"https:\/\/eliittikuitu.fi\/wp-content\/uploads\/2020\/10\/kuva-7-169x300.png 169w, https:\/\/eliittikuitu.fi\/wp-content\/uploads\/2020\/10\/kuva-7-371x660.png 371w\" sizes=\"auto, (max-width: 480px) 100vw, 480px\" \/><figcaption><strong>Varsinainen valokuidun puhaltaminen tapahtui varsin kevyell\u00e4 laitteistolla<\/strong><\/figcaption><\/figure>\n\n\n\n<p><\/p>\n\n\n\n<h4 class=\"wp-block-heading\" id=\"kuitu-talolle\"><strong>Kuidun tuominen taloon ja valokuitumodeemin asennus<\/strong><\/h4>\n\n\n\n<p>Valokuitumodeemin asennuksen taloon suoritti osuuskunnan kautta tilattu asennusyritys. T\u00e4m\u00e4n osuuden voi tehd\u00e4 itse halutessaan, mutta helpompaa on ottaa t\u00e4m\u00e4 vaihe tilattuna.<\/p>\n\n\n\n<figure class=\"wp-block-image size-large\"><img loading=\"lazy\" decoding=\"async\" width=\"480\" height=\"853\" src=\"https:\/\/temp.eliittikuitu.fi\/wp-content\/uploads\/2020\/10\/kuva-9.png\" alt=\"\" class=\"wp-image-66\" srcset=\"https:\/\/eliittikuitu.fi\/wp-content\/uploads\/2020\/10\/kuva-9-169x300.png 169w, https:\/\/eliittikuitu.fi\/wp-content\/uploads\/2020\/10\/kuva-9-371x660.png 371w\" sizes=\"auto, (max-width: 480px) 100vw, 480px\" \/><figcaption><strong>Kuidun l\u00e4pivientiyksik\u00f6n asentaminen<\/strong><\/figcaption><\/figure>\n\n\n\n<p>Talon sis\u00e4ll\u00e4 kuitu kytket\u00e4\u00e4n kuitup\u00e4\u00e4tteeseen, josta se kytket\u00e4\u00e4n edelleen kuitumodeemiin. T\u00e4st\u00e4 voidaan l\u00e4hte\u00e4 rakentamaan varsinaista sis\u00e4verkkoa.<\/p>\n\n\n\n<figure class=\"wp-block-image size-large\"><img loading=\"lazy\" decoding=\"async\" width=\"480\" height=\"853\" src=\"https:\/\/temp.eliittikuitu.fi\/wp-content\/uploads\/2020\/10\/20201025_200307_modem.jpg\" alt=\"\" class=\"wp-image-67\" srcset=\"https:\/\/eliittikuitu.fi\/wp-content\/uploads\/2020\/10\/20201025_200307_modem-169x300.jpg 169w, https:\/\/eliittikuitu.fi\/wp-content\/uploads\/2020\/10\/20201025_200307_modem-371x660.jpg 371w\" sizes=\"auto, (max-width: 480px) 100vw, 480px\" \/><figcaption><strong>Kuitup\u00e4\u00e4te ja -modeemi<\/strong><\/figcaption><\/figure>\n\n\n\n<h4 class=\"wp-block-heading\" id=\"sisaverkko\"><strong>Sis\u00e4verkon rakentaminen<\/strong><\/h4>\n\n\n\n<p>Kuitu kytket\u00e4\u00e4n kuitumoodeemiin, joka tarjoaa normaalit sis\u00e4verkon Ethernet-liit\u00e4nn\u00e4t eteenp\u00e4in. Talouden koneet voisi periaatteessa kytke\u00e4 suoraan t\u00e4h\u00e4nkin modeemin, mutta siin\u00e4 tapauksessa ne n\u00e4kyisiv\u00e4t suoraan Internettiin, eik\u00e4 t\u00e4m\u00e4 ole tietoturvan vuoksi miss\u00e4\u00e4n nimess\u00e4 suositeltavaa! vaan&#8230;<\/p>\n\n\n\n<p>Kuitumodeemin ja verkon v\u00e4liin tulee laittaa erillinen reititin (router) joka liitet\u00e4\u00e4n jakajaan (switch), joka jakaa yhteyden talouteen. T\u00e4ss\u00e4 projektissa haluttiin rakentaa sis\u00e4verkkokin kiinte\u00e4n\u00e4 ja reitittimeksi valittiin Ubituityn Edegerouter X, joka mahdollista erillisten aliverkkojen rakentamisen. Kytkimeksi valittiin TP-linkin 24-porttinen laite, koska haluttiin rakentaa sis\u00e4verkkokin kiinte\u00e4n\u00e4. Verkko rakennetaan yleens\u00e4 hieman kevyemm\u00e4ll\u00e4 laitteistoilla ja yksinkertaisimmin sen saa rakennettua langattomana verkkona. T\u00e4h\u00e4n ehk\u00e4 palataan toisen artikkelin puitteissa.<\/p>\n\n\n\n<figure class=\"wp-block-image size-large\"><img loading=\"lazy\" decoding=\"async\" width=\"800\" height=\"450\" src=\"https:\/\/temp.eliittikuitu.fi\/wp-content\/uploads\/2020\/10\/20201025_200324_router_switch.jpg\" alt=\"\" class=\"wp-image-68\" srcset=\"https:\/\/eliittikuitu.fi\/wp-content\/uploads\/2020\/10\/20201025_200324_router_switch.jpg 800w, https:\/\/eliittikuitu.fi\/wp-content\/uploads\/2020\/10\/20201025_200324_router_switch-300x169.jpg 300w, https:\/\/eliittikuitu.fi\/wp-content\/uploads\/2020\/10\/20201025_200324_router_switch-768x432.jpg 768w\" sizes=\"auto, (max-width: 800px) 100vw, 800px\" \/><figcaption><strong>Reitin (router) ja kytkin<\/strong> <strong>(switch)<\/strong><\/figcaption><\/figure>\n\n\n\n<p><\/p>\n\n\n\n<p><\/p>\n","protected":false},"excerpt":{"rendered":"<p>Projekti: T\u00e4ll\u00e4 sivulla on kuvattu monimutkaisempi valokuituverkkoon liittymisprojekti. Harvoin projekti on t\u00e4t\u00e4 hankalampi toteuttaa ja t\u00e4ss\u00e4kin ty\u00f6t\u00e4 teetti eniten kaivuumatkan pituus. Yleisesti projektissa on muutamia vaiheita, mutta ne eiv\u00e4t ole mitenk\u00e4\u00e4n hankalia toteuttaa. Suurimmat p\u00e4\u00e4t\u00f6kset ovat: Miten kaivuu suoritetaan, miss\u00e4 oma liittym\u00e4 kytket\u00e4\u00e4n runkoverkkoon ja mihin modeemi talon sis\u00e4ll\u00e4 sijoitetaan. Kaivuu vei kokonaisuudessaan v\u00e4h\u00e4n yli [&hellip;]<\/p>\n","protected":false},"author":1,"featured_media":0,"parent":0,"menu_order":0,"comment_status":"closed","ping_status":"closed","template":"","meta":{"footnotes":""},"class_list":["post-56","page","type-page","status-publish","hentry"],"_links":{"self":[{"href":"https:\/\/eliittikuitu.fi\/index.php?rest_route=\/wp\/v2\/pages\/56","targetHints":{"allow":["GET"]}}],"collection":[{"href":"https:\/\/eliittikuitu.fi\/index.php?rest_route=\/wp\/v2\/pages"}],"about":[{"href":"https:\/\/eliittikuitu.fi\/index.php?rest_route=\/wp\/v2\/types\/page"}],"author":[{"embeddable":true,"href":"https:\/\/eliittikuitu.fi\/index.php?rest_route=\/wp\/v2\/users\/1"}],"replies":[{"embeddable":true,"href":"https:\/\/eliittikuitu.fi\/index.php?rest_route=%2Fwp%2Fv2%2Fcomments&post=56"}],"version-history":[{"count":24,"href":"https:\/\/eliittikuitu.fi\/index.php?rest_route=\/wp\/v2\/pages\/56\/revisions"}],"predecessor-version":[{"id":179,"href":"https:\/\/eliittikuitu.fi\/index.php?rest_route=\/wp\/v2\/pages\/56\/revisions\/179"}],"wp:attachment":[{"href":"https:\/\/eliittikuitu.fi\/index.php?rest_route=%2Fwp%2Fv2%2Fmedia&parent=56"}],"curies":[{"name":"wp","href":"https:\/\/api.w.org\/{rel}","templated":true}]}}